{"id":26,"date":"2021-01-06T21:23:57","date_gmt":"2021-01-06T20:23:57","guid":{"rendered":"https:\/\/karamazov.fr\/blog\/?page_id=26"},"modified":"2021-01-07T18:49:48","modified_gmt":"2021-01-07T17:49:48","slug":"ispindle","status":"publish","type":"page","link":"https:\/\/karamazov.fr\/blog\/ispindle\/","title":{"rendered":"iSpindle"},"content":{"rendered":"\n<div class=\"wp-block-image is-style-default\"><figure class=\"aligncenter size-large is-resized\"><img loading=\"lazy\" decoding=\"async\" src=\"https:\/\/karamazov.fr\/blog\/wp-content\/uploads\/2021\/01\/ispindle-1024x711.jpg\" alt=\"\" class=\"wp-image-78\" width=\"768\" height=\"533\" srcset=\"https:\/\/karamazov.fr\/blog\/wp-content\/uploads\/2021\/01\/ispindle-1024x711.jpg 1024w, https:\/\/karamazov.fr\/blog\/wp-content\/uploads\/2021\/01\/ispindle-600x417.jpg 600w, https:\/\/karamazov.fr\/blog\/wp-content\/uploads\/2021\/01\/ispindle-300x208.jpg 300w, https:\/\/karamazov.fr\/blog\/wp-content\/uploads\/2021\/01\/ispindle-768x534.jpg 768w, https:\/\/karamazov.fr\/blog\/wp-content\/uploads\/2021\/01\/ispindle.jpg 1481w\" sizes=\"auto, (max-width: 768px) 100vw, 768px\" \/><\/figure><\/div>\n\n\n\n<p><\/p>\n\n\n\n<p>Tout commence ici ->  <a href=\"https:\/\/github.com\/universam1\/iSpindel\">https:\/\/github.com\/universam1\/iSpindel<\/a><\/p>\n\n\n\n<p>Alors \u00e7a, c&rsquo;est vraiment le genre de projet qui me convient, de \u00e9lectronique \u00e0 bricoler, un soft open source, des int\u00e9grations \u00e0 travers des API REST, ou des time series database comme InfluxDB, tout ce qu&rsquo;il faut pour m&rsquo;interresser \ud83d\ude42<\/p>\n\n\n\n<p>Parlons matos : <\/p>\n\n\n\n<ul class=\"wp-block-list\"><li>Le PCB (v4) est trouvable ici avec toutes les instructions qui vont bien : <a href=\"https:\/\/www.pcbway.com\/project\/shareproject\/iSpndel_4_0.html\" target=\"_blank\" rel=\"noreferrer noopener\">https:\/\/www.pcbway.com\/project\/shareproject\/iSpndel_4_0.html<\/a><\/li><li>Le cylindre en plastique aux bonne dimensions se commande ici : <a href=\"http:\/\/www.geoshop.lt\/index.php?route=product\/product&amp;path=20_26&amp;product_id=285#.WoBTg-jOXIU\" target=\"_blank\" rel=\"noreferrer noopener\">http:\/\/www.geoshop.lt\/index.php?route=product\/product&amp;path=20_26&amp;product_id=285#.WoBTg-jOXIU<\/a><\/li><li>Quelques composants basiques : 2 r\u00e9sistances (4.7k et 220k), une diode BAT43<\/li><li>Ce qui nous permet d&rsquo;assembler : notre carte principale IoT wemos D1 mini v3, un gyroscope (GY-521), un capteur de temp\u00e9rature (DS18B20), un chargeur micro-USB (TP4056) et un switch (SK12D07VG3)<\/li><\/ul>\n\n\n\n<p>Ah oui, sinon quand tu as la flemme, tu peux directement en commander un \u00e0 des mecs qui prennent le temps de le faire pour toi :<\/p>\n\n\n\n<ul class=\"wp-block-list\"><li><a href=\"https:\/\/www.ebay.fr\/itm\/254767821676\" target=\"_blank\" rel=\"noreferrer noopener\">https:\/\/www.ebay.fr\/itm\/254767821676<\/a><\/li><\/ul>\n\n\n\n<p>OK, maintenant que tu as la b\u00eate entre les mains, tu va pouvoir essayer de t&rsquo;en servir, je te mets la quelques pages que j&rsquo;ai trouv\u00e9 utiles :<\/p>\n\n\n\n<ul class=\"wp-block-list\"><li><a href=\"https:\/\/www.ispindler.eu\/ispindler\" target=\"_blank\" rel=\"noreferrer noopener\">https:\/\/www.ispindler.eu\/ispindler<\/a><\/li><li><a href=\"https:\/\/comment-brasser-sa-biere.fr\/i-spindle\/\" target=\"_blank\" rel=\"noreferrer noopener\">https:\/\/comment-brasser-sa-biere.fr\/i-spindle\/<\/a><\/li><li><a href=\"https:\/\/www.brassageamateur.com\/wiki\/Densim%C3%A8tre_Wifi_iSpindle\" target=\"_blank\" rel=\"noreferrer noopener\">https:\/\/www.brassageamateur.com\/wiki\/Densim%C3%A8tre_Wifi_iSpindle<\/a><\/li><\/ul>\n\n\n\n<p>En fait tout est d\u00e9j\u00e0 tr\u00e8s  bien expliqu\u00e9, je ne vais pas refaire un \u00e9ni\u00e8me article las dessus.<\/p>\n\n\n\n<p>Juste une petite chose, si tu branches ton iSpindle en USB, il te faudra installer un driver que tu trouveras la : <a href=\"https:\/\/www.wemos.cc\/en\/latest\/ch340_driver.html\" target=\"_blank\" rel=\"noreferrer noopener\">https:\/\/www.wemos.cc\/en\/latest\/ch340_driver.html<\/a><\/p>\n\n\n\n<p>\u00c7a te permettra d\u2019\u00e9muler un port s\u00e9rie sur lequel tu vois passer les logs de la b\u00eate, juste au cas ou quelque chose ne se passerait pas comme pr\u00e9vu \ud83d\ude09<\/p>\n\n\n\n<p>Quelques bricoles plus tard, \u00e7a me permet de te montrer dans cet article le statut de mon ispindle en direct : (si aucune donn\u00e9e n&rsquo;est affich\u00e9e, c&rsquo;est tr\u00e8s probablement parce qu&rsquo;il est actuellement \u00e9teint !!)<\/p>\n\n\n\n<iframe loading=\"lazy\" id=\"grafana\" title=\"ispindle dashboard for iframe\" src=\"https:\/\/grafana.netipcom.fr\/d\/UO3-aT-Gk\/sg?orgId=1&amp;refresh=5s&amp;from=now-1h&amp;to=now\" width=\"640\" height=\"480\"><\/iframe>\n\n\n\n<p><\/p>\n","protected":false},"excerpt":{"rendered":"<p>Tout commence ici -> https:\/\/github.com\/universam1\/iSpindel Alors \u00e7a, c&rsquo;est vraiment le genre de projet qui me convient, de \u00e9lectronique \u00e0 bricoler, un soft open source, des int\u00e9grations \u00e0 travers des API REST, ou des time series database comme InfluxDB, tout ce qu&rsquo;il faut pour m&rsquo;interresser \ud83d\ude42 Parlons matos : Le PCB (v4) est trouvable ici avec &#8230; <a title=\"iSpindle\" class=\"read-more\" href=\"https:\/\/karamazov.fr\/blog\/ispindle\/\" aria-label=\"Plus sur iSpindle\">Lire plus<\/a><\/p>\n","protected":false},"author":1,"featured_media":0,"parent":0,"menu_order":0,"comment_status":"closed","ping_status":"closed","template":"","meta":{"give_campaign_id":0,"footnotes":""},"class_list":["post-26","page","type-page","status-publish"],"yoast_head":"<!-- This site is optimized with the Yoast SEO plugin v27.4 - https:\/\/yoast.com\/product\/yoast-seo-wordpress\/ -->\n<title>iSpindle - Karamazov - LE BLOG<\/title>\n<meta name=\"description\" content=\"Une toute nouvelle brasserie artisanale annecienne pour les amoureux du houblon\" \/>\n<meta name=\"robots\" content=\"index, follow, max-snippet:-1, max-image-preview:large, max-video-preview:-1\" \/>\n<link rel=\"canonical\" href=\"https:\/\/karamazov.fr\/blog\/ispindle\/\" \/>\n<meta property=\"og:locale\" content=\"fr_FR\" \/>\n<meta property=\"og:type\" content=\"article\" \/>\n<meta property=\"og:title\" content=\"iSpindle - Karamazov - LE BLOG\" \/>\n<meta property=\"og:description\" content=\"Une toute nouvelle brasserie artisanale annecienne pour les amoureux du houblon\" \/>\n<meta property=\"og:url\" content=\"https:\/\/karamazov.fr\/blog\/ispindle\/\" \/>\n<meta property=\"og:site_name\" content=\"Karamazov - LE BLOG\" \/>\n<meta property=\"article:modified_time\" content=\"2021-01-07T17:49:48+00:00\" \/>\n<meta property=\"og:image\" content=\"https:\/\/karamazov.fr\/blog\/wp-content\/uploads\/2021\/01\/ispindle-1024x711.jpg\" \/>\n<meta name=\"twitter:card\" content=\"summary_large_image\" \/>\n<meta name=\"twitter:label1\" content=\"Dur\u00e9e de lecture estim\u00e9e\" \/>\n\t<meta name=\"twitter:data1\" content=\"2 minutes\" \/>\n<script type=\"application\/ld+json\" class=\"yoast-schema-graph\">{\"@context\":\"https:\\\/\\\/schema.org\",\"@graph\":[{\"@type\":\"WebPage\",\"@id\":\"https:\\\/\\\/karamazov.fr\\\/blog\\\/ispindle\\\/\",\"url\":\"https:\\\/\\\/karamazov.fr\\\/blog\\\/ispindle\\\/\",\"name\":\"iSpindle - Karamazov - LE BLOG\",\"isPartOf\":{\"@id\":\"https:\\\/\\\/karamazov.fr\\\/blog\\\/#website\"},\"primaryImageOfPage\":{\"@id\":\"https:\\\/\\\/karamazov.fr\\\/blog\\\/ispindle\\\/#primaryimage\"},\"image\":{\"@id\":\"https:\\\/\\\/karamazov.fr\\\/blog\\\/ispindle\\\/#primaryimage\"},\"thumbnailUrl\":\"https:\\\/\\\/karamazov.fr\\\/blog\\\/wp-content\\\/uploads\\\/2021\\\/01\\\/ispindle-1024x711.jpg\",\"datePublished\":\"2021-01-06T20:23:57+00:00\",\"dateModified\":\"2021-01-07T17:49:48+00:00\",\"description\":\"Une toute nouvelle brasserie artisanale annecienne pour les amoureux du houblon\",\"breadcrumb\":{\"@id\":\"https:\\\/\\\/karamazov.fr\\\/blog\\\/ispindle\\\/#breadcrumb\"},\"inLanguage\":\"fr-FR\",\"potentialAction\":[{\"@type\":\"ReadAction\",\"target\":[\"https:\\\/\\\/karamazov.fr\\\/blog\\\/ispindle\\\/\"]}]},{\"@type\":\"ImageObject\",\"inLanguage\":\"fr-FR\",\"@id\":\"https:\\\/\\\/karamazov.fr\\\/blog\\\/ispindle\\\/#primaryimage\",\"url\":\"https:\\\/\\\/karamazov.fr\\\/blog\\\/wp-content\\\/uploads\\\/2021\\\/01\\\/ispindle.jpg\",\"contentUrl\":\"https:\\\/\\\/karamazov.fr\\\/blog\\\/wp-content\\\/uploads\\\/2021\\\/01\\\/ispindle.jpg\",\"width\":1481,\"height\":1029},{\"@type\":\"BreadcrumbList\",\"@id\":\"https:\\\/\\\/karamazov.fr\\\/blog\\\/ispindle\\\/#breadcrumb\",\"itemListElement\":[{\"@type\":\"ListItem\",\"position\":1,\"name\":\"Accueil\",\"item\":\"https:\\\/\\\/karamazov.fr\\\/blog\\\/\"},{\"@type\":\"ListItem\",\"position\":2,\"name\":\"iSpindle\"}]},{\"@type\":\"WebSite\",\"@id\":\"https:\\\/\\\/karamazov.fr\\\/blog\\\/#website\",\"url\":\"https:\\\/\\\/karamazov.fr\\\/blog\\\/\",\"name\":\"Karamazov - LE BLOG\",\"description\":\"Les aventures d&#039;un brasseur amateur...\",\"publisher\":{\"@id\":\"https:\\\/\\\/karamazov.fr\\\/blog\\\/#organization\"},\"potentialAction\":[{\"@type\":\"SearchAction\",\"target\":{\"@type\":\"EntryPoint\",\"urlTemplate\":\"https:\\\/\\\/karamazov.fr\\\/blog\\\/?s={search_term_string}\"},\"query-input\":{\"@type\":\"PropertyValueSpecification\",\"valueRequired\":true,\"valueName\":\"search_term_string\"}}],\"inLanguage\":\"fr-FR\"},{\"@type\":\"Organization\",\"@id\":\"https:\\\/\\\/karamazov.fr\\\/blog\\\/#organization\",\"name\":\"karamazov\",\"url\":\"https:\\\/\\\/karamazov.fr\\\/blog\\\/\",\"logo\":{\"@type\":\"ImageObject\",\"inLanguage\":\"fr-FR\",\"@id\":\"https:\\\/\\\/karamazov.fr\\\/blog\\\/#\\\/schema\\\/logo\\\/image\\\/\",\"url\":\"https:\\\/\\\/karamazov.fr\\\/blog\\\/wp-content\\\/uploads\\\/2021\\\/01\\\/logo_1_original_green7934934127225191496.png\",\"contentUrl\":\"https:\\\/\\\/karamazov.fr\\\/blog\\\/wp-content\\\/uploads\\\/2021\\\/01\\\/logo_1_original_green7934934127225191496.png\",\"width\":1140,\"height\":1140,\"caption\":\"karamazov\"},\"image\":{\"@id\":\"https:\\\/\\\/karamazov.fr\\\/blog\\\/#\\\/schema\\\/logo\\\/image\\\/\"}}]}<\/script>\n<!-- \/ Yoast SEO plugin. -->","yoast_head_json":{"title":"iSpindle - Karamazov - LE BLOG","description":"Une toute nouvelle brasserie artisanale annecienne pour les amoureux du houblon","robots":{"index":"index","follow":"follow","max-snippet":"max-snippet:-1","max-image-preview":"max-image-preview:large","max-video-preview":"max-video-preview:-1"},"canonical":"https:\/\/karamazov.fr\/blog\/ispindle\/","og_locale":"fr_FR","og_type":"article","og_title":"iSpindle - Karamazov - LE BLOG","og_description":"Une toute nouvelle brasserie artisanale annecienne pour les amoureux du houblon","og_url":"https:\/\/karamazov.fr\/blog\/ispindle\/","og_site_name":"Karamazov - LE BLOG","article_modified_time":"2021-01-07T17:49:48+00:00","og_image":[{"url":"https:\/\/karamazov.fr\/blog\/wp-content\/uploads\/2021\/01\/ispindle-1024x711.jpg","type":"","width":"","height":""}],"twitter_card":"summary_large_image","twitter_misc":{"Dur\u00e9e de lecture estim\u00e9e":"2 minutes"},"schema":{"@context":"https:\/\/schema.org","@graph":[{"@type":"WebPage","@id":"https:\/\/karamazov.fr\/blog\/ispindle\/","url":"https:\/\/karamazov.fr\/blog\/ispindle\/","name":"iSpindle - Karamazov - LE BLOG","isPartOf":{"@id":"https:\/\/karamazov.fr\/blog\/#website"},"primaryImageOfPage":{"@id":"https:\/\/karamazov.fr\/blog\/ispindle\/#primaryimage"},"image":{"@id":"https:\/\/karamazov.fr\/blog\/ispindle\/#primaryimage"},"thumbnailUrl":"https:\/\/karamazov.fr\/blog\/wp-content\/uploads\/2021\/01\/ispindle-1024x711.jpg","datePublished":"2021-01-06T20:23:57+00:00","dateModified":"2021-01-07T17:49:48+00:00","description":"Une toute nouvelle brasserie artisanale annecienne pour les amoureux du houblon","breadcrumb":{"@id":"https:\/\/karamazov.fr\/blog\/ispindle\/#breadcrumb"},"inLanguage":"fr-FR","potentialAction":[{"@type":"ReadAction","target":["https:\/\/karamazov.fr\/blog\/ispindle\/"]}]},{"@type":"ImageObject","inLanguage":"fr-FR","@id":"https:\/\/karamazov.fr\/blog\/ispindle\/#primaryimage","url":"https:\/\/karamazov.fr\/blog\/wp-content\/uploads\/2021\/01\/ispindle.jpg","contentUrl":"https:\/\/karamazov.fr\/blog\/wp-content\/uploads\/2021\/01\/ispindle.jpg","width":1481,"height":1029},{"@type":"BreadcrumbList","@id":"https:\/\/karamazov.fr\/blog\/ispindle\/#breadcrumb","itemListElement":[{"@type":"ListItem","position":1,"name":"Accueil","item":"https:\/\/karamazov.fr\/blog\/"},{"@type":"ListItem","position":2,"name":"iSpindle"}]},{"@type":"WebSite","@id":"https:\/\/karamazov.fr\/blog\/#website","url":"https:\/\/karamazov.fr\/blog\/","name":"Karamazov - LE BLOG","description":"Les aventures d&#039;un brasseur amateur...","publisher":{"@id":"https:\/\/karamazov.fr\/blog\/#organization"},"potentialAction":[{"@type":"SearchAction","target":{"@type":"EntryPoint","urlTemplate":"https:\/\/karamazov.fr\/blog\/?s={search_term_string}"},"query-input":{"@type":"PropertyValueSpecification","valueRequired":true,"valueName":"search_term_string"}}],"inLanguage":"fr-FR"},{"@type":"Organization","@id":"https:\/\/karamazov.fr\/blog\/#organization","name":"karamazov","url":"https:\/\/karamazov.fr\/blog\/","logo":{"@type":"ImageObject","inLanguage":"fr-FR","@id":"https:\/\/karamazov.fr\/blog\/#\/schema\/logo\/image\/","url":"https:\/\/karamazov.fr\/blog\/wp-content\/uploads\/2021\/01\/logo_1_original_green7934934127225191496.png","contentUrl":"https:\/\/karamazov.fr\/blog\/wp-content\/uploads\/2021\/01\/logo_1_original_green7934934127225191496.png","width":1140,"height":1140,"caption":"karamazov"},"image":{"@id":"https:\/\/karamazov.fr\/blog\/#\/schema\/logo\/image\/"}}]}},"campaignId":"","jetpack-related-posts":[],"jetpack_sharing_enabled":true,"_links":{"self":[{"href":"https:\/\/karamazov.fr\/blog\/wp-json\/wp\/v2\/pages\/26","targetHints":{"allow":["GET"]}}],"collection":[{"href":"https:\/\/karamazov.fr\/blog\/wp-json\/wp\/v2\/pages"}],"about":[{"href":"https:\/\/karamazov.fr\/blog\/wp-json\/wp\/v2\/types\/page"}],"author":[{"embeddable":true,"href":"https:\/\/karamazov.fr\/blog\/wp-json\/wp\/v2\/users\/1"}],"replies":[{"embeddable":true,"href":"https:\/\/karamazov.fr\/blog\/wp-json\/wp\/v2\/comments?post=26"}],"version-history":[{"count":20,"href":"https:\/\/karamazov.fr\/blog\/wp-json\/wp\/v2\/pages\/26\/revisions"}],"predecessor-version":[{"id":85,"href":"https:\/\/karamazov.fr\/blog\/wp-json\/wp\/v2\/pages\/26\/revisions\/85"}],"wp:attachment":[{"href":"https:\/\/karamazov.fr\/blog\/wp-json\/wp\/v2\/media?parent=26"}],"curies":[{"name":"wp","href":"https:\/\/api.w.org\/{rel}","templated":true}]}}