{"id":92,"date":"2021-01-07T21:43:38","date_gmt":"2021-01-07T20:43:38","guid":{"rendered":"https:\/\/karamazov.fr\/blog\/?page_id=92"},"modified":"2021-02-02T14:15:36","modified_gmt":"2021-02-02T13:15:36","slug":"les-ingredients","status":"publish","type":"page","link":"https:\/\/karamazov.fr\/blog\/les-ingredients\/","title":{"rendered":"Les ingr\u00e9dients"},"content":{"rendered":"\n<p>Pour les ingredients, on va faire simple pour l&rsquo;instant, mais de la qualit\u00e9 !!! <\/p>\n\n\n\n<h2 class=\"wp-block-heading\">Le malt<\/h2>\n\n\n\n<p>D\u00e9j\u00e0 pour commencer, c&rsquo;est du bio ou rien.<\/p>\n\n\n\n<p>Si possible du local, ah bein oui c&rsquo;est possible !! <\/p>\n\n\n\n<p><a rel=\"noreferrer noopener\" href=\"https:\/\/www.maltinpott.com\/\" target=\"_blank\">https:\/\/www.maltinpott.com\/<\/a><\/p>\n\n\n\n<p>G\u00e9nial ! Parfaitement ce que je recherche !! <\/p>\n\n\n\n<p>Bon, en attendant j&rsquo;ai eu 2 sacs de weyermann pale ale bio \u00e0 No\u00ebl , il va bien falloir les utiliser, et j&rsquo;imagine que c&rsquo;est d\u00e9j\u00e0 tr\u00e8s bien comme malt.<\/p>\n\n\n\n<h2 class=\"wp-block-heading\">Le houblon<\/h2>\n\n\n\n<p>C&rsquo;est une denr\u00e9e un peu plus rare, il va falloir faire les bons choix :<\/p>\n\n\n\n<ul class=\"wp-block-list\"><li>Du bio \u00e7a se trouve, mais du local c&rsquo;est moins simple&#8230; \u00c7a pourra faire l&rsquo;affaire en attendant<\/li><li>Et si je cultivais moi m\u00eame mon houblon ? \u00c7a c&rsquo;est tout \u00e0 fait possible car j&rsquo;ai tout ce qu&rsquo;il faut pour y arriver \ud83d\ude0e<\/li><\/ul>\n\n\n\n<p>Ni une, ni deux je commande des graines sur internet, c&rsquo;est pas pour tout de suite mais bient\u00f4t je pourrai affirmer fi\u00e8rement proposer de la bi\u00e8re avec du houblon frais et local \ud83d\udcaa<\/p>\n\n\n\n<figure class=\"wp-block-image size-large\"><img loading=\"lazy\" decoding=\"async\" width=\"1024\" height=\"768\" src=\"https:\/\/karamazov.fr\/blog\/wp-content\/uploads\/2021\/01\/wp-16100574734058371354103114172863-1024x768.jpg\" alt=\"\" class=\"wp-image-128\" srcset=\"https:\/\/karamazov.fr\/blog\/wp-content\/uploads\/2021\/01\/wp-16100574734058371354103114172863-1024x768.jpg 1024w, https:\/\/karamazov.fr\/blog\/wp-content\/uploads\/2021\/01\/wp-16100574734058371354103114172863-scaled-600x450.jpg 600w, https:\/\/karamazov.fr\/blog\/wp-content\/uploads\/2021\/01\/wp-16100574734058371354103114172863-300x225.jpg 300w, https:\/\/karamazov.fr\/blog\/wp-content\/uploads\/2021\/01\/wp-16100574734058371354103114172863-768x576.jpg 768w, https:\/\/karamazov.fr\/blog\/wp-content\/uploads\/2021\/01\/wp-16100574734058371354103114172863-1536x1152.jpg 1536w, https:\/\/karamazov.fr\/blog\/wp-content\/uploads\/2021\/01\/wp-16100574734058371354103114172863-2048x1536.jpg 2048w\" sizes=\"auto, (max-width: 1024px) 100vw, 1024px\" \/><\/figure>\n\n\n\n<p>EDIT : apr\u00e8s quelques lectures et demandes \u00e0 mon vendeur pour savoir de quelle vari\u00e9t\u00e9 il s&rsquo;agissait, je crois que je me suis engag\u00e9 un peu vite dans une gal\u00e8re, en faitil parait que c&rsquo;est un m\u00e9tier aussi ca ^^ on va y aller par \u00e9tapes.<\/p>\n\n\n\n<p>Donc Plan B : acheter des plans !! c&rsquo;est tellement \u00e9vident que je sais m\u00eame pas pourquoi je n&rsquo;y ai pas pens\u00e9 plus t\u00f4t \ud83d\ude42<\/p>\n\n\n\n<p>un fournisseur fran\u00e7ais, du choix, j&rsquo;ai opt\u00e9 pour <a rel=\"noreferrer noopener\" href=\"https:\/\/www.hopenhoublon.fr\/\" target=\"_blank\">https:\/\/www.hopenhoublon.fr\/<\/a> : j&rsquo;ai command\u00e9 pour le minimum livrable, du coup je m&rsquo;en sors avec : cascade, centennial, chinook, nugget et perle ^^ avec \u00e7a normalement jsuis bon!<\/p>\n\n\n\n<p><\/p>\n\n\n\n<div class=\"wp-block-image\"><figure class=\"aligncenter size-large is-resized\"><img loading=\"lazy\" decoding=\"async\" src=\"https:\/\/karamazov.fr\/blog\/wp-content\/uploads\/2021\/02\/hopen_houblons-688x1024.jpg\" alt=\"\" class=\"wp-image-225\" width=\"477\" height=\"710\" srcset=\"https:\/\/karamazov.fr\/blog\/wp-content\/uploads\/2021\/02\/hopen_houblons-688x1024.jpg 688w, https:\/\/karamazov.fr\/blog\/wp-content\/uploads\/2021\/02\/hopen_houblons-600x893.jpg 600w, https:\/\/karamazov.fr\/blog\/wp-content\/uploads\/2021\/02\/hopen_houblons-202x300.jpg 202w, https:\/\/karamazov.fr\/blog\/wp-content\/uploads\/2021\/02\/hopen_houblons-768x1143.jpg 768w, https:\/\/karamazov.fr\/blog\/wp-content\/uploads\/2021\/02\/hopen_houblons-1032x1536.jpg 1032w, https:\/\/karamazov.fr\/blog\/wp-content\/uploads\/2021\/02\/hopen_houblons.jpg 1075w\" sizes=\"auto, (max-width: 477px) 100vw, 477px\" \/><\/figure><\/div>\n\n\n\t<div class=\"wp-block-jetpack-gif\">\n\t\t<figure>\n\t\t\t\t\t\t\t<div class=\"wp-block-jetpack-gif-wrapper\" style=\"padding-top:56%\">\n\t\t\t\t\t<iframe src=\"https:\/\/giphy.com\/embed\/3oFzmqENRBkRTRfLcA\" title=\"money\"><\/iframe>\n\t\t\t\t<\/div>\n\t\t\t\t\t\t\t\t<\/figure>\n\t<\/div>\n\t\n\n\n<div class=\"wp-block-jetpack-send-a-message\"><\/div>\n\n\n\n<hr class=\"wp-block-separator\"\/>\n\n\n\n<h2 class=\"wp-block-heading\">La levure<\/h2>\n\n\n\n<p>Ouais je sais que c&rsquo;est important, mais je me contenterai de prendre celle qui est recommand\u00e9e dans les recettes, sous forme liquide quand ce sera possible&#8230; <\/p>\n\n\n\n<hr class=\"wp-block-separator\"\/>\n\n\n\n<h2 class=\"wp-block-heading\">L&rsquo;eau<\/h2>\n\n\n\n<p>Ah bein oui, n&rsquo;oublions pas qu&rsquo;il y a 95% d&rsquo;eau dans notre bi\u00e8re \ud83d\ude01<\/p>\n\n\n\n<p>Je n&rsquo;ai pas encore bien creus\u00e9 le sujet, mais je veux du local, si je pouvais utiliser l&rsquo;eau du robinet (qui est aussi l&rsquo;eau du lac \u00e0 la base), ce serait pas trop mal.<\/p>\n\n\n\n<p>Je verrai pour faire une analyse d&rsquo;eau moi m\u00eame plus tard, en attendant je vais faire confiance \u00e0 ce que m&rsquo;a dit la formatrice \u00ab\u00a0art malt\u00e9\u00a0\u00bb : l&rsquo;eau du robinet d&rsquo;Annecy convient tr\u00e8s bien \ud83d\ude4f<\/p>\n\n\n\n<p>J&rsquo;ai trouv\u00e9 un site int\u00e9ressant avec la publication de quelques analyses d&rsquo;eau, cela pourra m&rsquo;aider :<\/p>\n\n\n\n<p><a href=\"https:\/\/www.moneaudebrassage.fr\/?departement=74&amp;commune=ANNECY&amp;quartier=GRAND%20ANNECY-RESEAU%20DU%20LAC&amp;beerstyle=18B%20-%20American%20Pale%20Ale&amp;CaSO4=167.0460452028032\">https:\/\/www.moneaudebrassage.fr\/?departement=74&amp;commune=ANNECY&amp;quartier=GRAND%20ANNECY-RESEAU%20DU%20LAC&amp;beerstyle=18B%20-%20American%20Pale%20Ale&amp;CaSO4=167.0460452028032<\/a><\/p>\n\n\n\n<p><\/p>\n","protected":false},"excerpt":{"rendered":"<p>Pour les ingredients, on va faire simple pour l&rsquo;instant, mais de la qualit\u00e9 !!! Le malt D\u00e9j\u00e0 pour commencer, c&rsquo;est du bio ou rien. Si possible du local, ah bein oui c&rsquo;est possible !! https:\/\/www.maltinpott.com\/ G\u00e9nial ! Parfaitement ce que je recherche !! Bon, en attendant j&rsquo;ai eu 2 sacs de weyermann pale ale bio &#8230; <a title=\"Les ingr\u00e9dients\" class=\"read-more\" href=\"https:\/\/karamazov.fr\/blog\/les-ingredients\/\" aria-label=\"Plus sur Les ingr\u00e9dients\">Lire plus<\/a><\/p>\n","protected":false},"author":1,"featured_media":0,"parent":0,"menu_order":0,"comment_status":"closed","ping_status":"closed","template":"","meta":{"give_campaign_id":0,"footnotes":""},"class_list":["post-92","page","type-page","status-publish"],"yoast_head":"<!-- This site is optimized with the Yoast SEO plugin v27.4 - https:\/\/yoast.com\/product\/yoast-seo-wordpress\/ -->\n<title>Les ingr\u00e9dients - Karamazov - LE BLOG<\/title>\n<meta name=\"description\" content=\"Une toute nouvelle brasserie artisanale annecienne pour les amoureux du houblon\" \/>\n<meta name=\"robots\" content=\"index, follow, max-snippet:-1, max-image-preview:large, max-video-preview:-1\" \/>\n<link rel=\"canonical\" href=\"https:\/\/karamazov.fr\/blog\/les-ingredients\/\" \/>\n<meta property=\"og:locale\" content=\"fr_FR\" \/>\n<meta property=\"og:type\" content=\"article\" \/>\n<meta property=\"og:title\" content=\"Les ingr\u00e9dients - Karamazov - LE BLOG\" \/>\n<meta property=\"og:description\" content=\"Une toute nouvelle brasserie artisanale annecienne pour les amoureux du houblon\" \/>\n<meta property=\"og:url\" content=\"https:\/\/karamazov.fr\/blog\/les-ingredients\/\" \/>\n<meta property=\"og:site_name\" content=\"Karamazov - LE BLOG\" \/>\n<meta property=\"article:modified_time\" content=\"2021-02-02T13:15:36+00:00\" \/>\n<meta property=\"og:image\" content=\"https:\/\/karamazov.fr\/blog\/wp-content\/uploads\/2021\/01\/wp-16100574734058371354103114172863-1024x768.jpg\" \/>\n<meta name=\"twitter:card\" content=\"summary_large_image\" \/>\n<meta name=\"twitter:label1\" content=\"Dur\u00e9e de lecture estim\u00e9e\" \/>\n\t<meta name=\"twitter:data1\" content=\"2 minutes\" \/>\n<script type=\"application\/ld+json\" class=\"yoast-schema-graph\">{\"@context\":\"https:\\\/\\\/schema.org\",\"@graph\":[{\"@type\":\"WebPage\",\"@id\":\"https:\\\/\\\/karamazov.fr\\\/blog\\\/les-ingredients\\\/\",\"url\":\"https:\\\/\\\/karamazov.fr\\\/blog\\\/les-ingredients\\\/\",\"name\":\"Les ingr\u00e9dients - Karamazov - LE BLOG\",\"isPartOf\":{\"@id\":\"https:\\\/\\\/karamazov.fr\\\/blog\\\/#website\"},\"primaryImageOfPage\":{\"@id\":\"https:\\\/\\\/karamazov.fr\\\/blog\\\/les-ingredients\\\/#primaryimage\"},\"image\":{\"@id\":\"https:\\\/\\\/karamazov.fr\\\/blog\\\/les-ingredients\\\/#primaryimage\"},\"thumbnailUrl\":\"https:\\\/\\\/karamazov.fr\\\/blog\\\/wp-content\\\/uploads\\\/2021\\\/01\\\/wp-16100574734058371354103114172863-1024x768.jpg\",\"datePublished\":\"2021-01-07T20:43:38+00:00\",\"dateModified\":\"2021-02-02T13:15:36+00:00\",\"description\":\"Une toute nouvelle brasserie artisanale annecienne pour les amoureux du houblon\",\"breadcrumb\":{\"@id\":\"https:\\\/\\\/karamazov.fr\\\/blog\\\/les-ingredients\\\/#breadcrumb\"},\"inLanguage\":\"fr-FR\",\"potentialAction\":[{\"@type\":\"ReadAction\",\"target\":[\"https:\\\/\\\/karamazov.fr\\\/blog\\\/les-ingredients\\\/\"]}]},{\"@type\":\"ImageObject\",\"inLanguage\":\"fr-FR\",\"@id\":\"https:\\\/\\\/karamazov.fr\\\/blog\\\/les-ingredients\\\/#primaryimage\",\"url\":\"https:\\\/\\\/karamazov.fr\\\/blog\\\/wp-content\\\/uploads\\\/2021\\\/01\\\/wp-16100574734058371354103114172863-1024x768.jpg\",\"contentUrl\":\"https:\\\/\\\/karamazov.fr\\\/blog\\\/wp-content\\\/uploads\\\/2021\\\/01\\\/wp-16100574734058371354103114172863-1024x768.jpg\"},{\"@type\":\"BreadcrumbList\",\"@id\":\"https:\\\/\\\/karamazov.fr\\\/blog\\\/les-ingredients\\\/#breadcrumb\",\"itemListElement\":[{\"@type\":\"ListItem\",\"position\":1,\"name\":\"Accueil\",\"item\":\"https:\\\/\\\/karamazov.fr\\\/blog\\\/\"},{\"@type\":\"ListItem\",\"position\":2,\"name\":\"Les ingr\u00e9dients\"}]},{\"@type\":\"WebSite\",\"@id\":\"https:\\\/\\\/karamazov.fr\\\/blog\\\/#website\",\"url\":\"https:\\\/\\\/karamazov.fr\\\/blog\\\/\",\"name\":\"Karamazov - LE BLOG\",\"description\":\"Les aventures d&#039;un brasseur amateur...\",\"publisher\":{\"@id\":\"https:\\\/\\\/karamazov.fr\\\/blog\\\/#organization\"},\"potentialAction\":[{\"@type\":\"SearchAction\",\"target\":{\"@type\":\"EntryPoint\",\"urlTemplate\":\"https:\\\/\\\/karamazov.fr\\\/blog\\\/?s={search_term_string}\"},\"query-input\":{\"@type\":\"PropertyValueSpecification\",\"valueRequired\":true,\"valueName\":\"search_term_string\"}}],\"inLanguage\":\"fr-FR\"},{\"@type\":\"Organization\",\"@id\":\"https:\\\/\\\/karamazov.fr\\\/blog\\\/#organization\",\"name\":\"karamazov\",\"url\":\"https:\\\/\\\/karamazov.fr\\\/blog\\\/\",\"logo\":{\"@type\":\"ImageObject\",\"inLanguage\":\"fr-FR\",\"@id\":\"https:\\\/\\\/karamazov.fr\\\/blog\\\/#\\\/schema\\\/logo\\\/image\\\/\",\"url\":\"https:\\\/\\\/karamazov.fr\\\/blog\\\/wp-content\\\/uploads\\\/2021\\\/01\\\/logo_1_original_green7934934127225191496.png\",\"contentUrl\":\"https:\\\/\\\/karamazov.fr\\\/blog\\\/wp-content\\\/uploads\\\/2021\\\/01\\\/logo_1_original_green7934934127225191496.png\",\"width\":1140,\"height\":1140,\"caption\":\"karamazov\"},\"image\":{\"@id\":\"https:\\\/\\\/karamazov.fr\\\/blog\\\/#\\\/schema\\\/logo\\\/image\\\/\"}}]}<\/script>\n<!-- \/ Yoast SEO plugin. -->","yoast_head_json":{"title":"Les ingr\u00e9dients - Karamazov - LE BLOG","description":"Une toute nouvelle brasserie artisanale annecienne pour les amoureux du houblon","robots":{"index":"index","follow":"follow","max-snippet":"max-snippet:-1","max-image-preview":"max-image-preview:large","max-video-preview":"max-video-preview:-1"},"canonical":"https:\/\/karamazov.fr\/blog\/les-ingredients\/","og_locale":"fr_FR","og_type":"article","og_title":"Les ingr\u00e9dients - Karamazov - LE BLOG","og_description":"Une toute nouvelle brasserie artisanale annecienne pour les amoureux du houblon","og_url":"https:\/\/karamazov.fr\/blog\/les-ingredients\/","og_site_name":"Karamazov - LE BLOG","article_modified_time":"2021-02-02T13:15:36+00:00","og_image":[{"url":"https:\/\/karamazov.fr\/blog\/wp-content\/uploads\/2021\/01\/wp-16100574734058371354103114172863-1024x768.jpg","type":"","width":"","height":""}],"twitter_card":"summary_large_image","twitter_misc":{"Dur\u00e9e de lecture estim\u00e9e":"2 minutes"},"schema":{"@context":"https:\/\/schema.org","@graph":[{"@type":"WebPage","@id":"https:\/\/karamazov.fr\/blog\/les-ingredients\/","url":"https:\/\/karamazov.fr\/blog\/les-ingredients\/","name":"Les ingr\u00e9dients - Karamazov - LE BLOG","isPartOf":{"@id":"https:\/\/karamazov.fr\/blog\/#website"},"primaryImageOfPage":{"@id":"https:\/\/karamazov.fr\/blog\/les-ingredients\/#primaryimage"},"image":{"@id":"https:\/\/karamazov.fr\/blog\/les-ingredients\/#primaryimage"},"thumbnailUrl":"https:\/\/karamazov.fr\/blog\/wp-content\/uploads\/2021\/01\/wp-16100574734058371354103114172863-1024x768.jpg","datePublished":"2021-01-07T20:43:38+00:00","dateModified":"2021-02-02T13:15:36+00:00","description":"Une toute nouvelle brasserie artisanale annecienne pour les amoureux du houblon","breadcrumb":{"@id":"https:\/\/karamazov.fr\/blog\/les-ingredients\/#breadcrumb"},"inLanguage":"fr-FR","potentialAction":[{"@type":"ReadAction","target":["https:\/\/karamazov.fr\/blog\/les-ingredients\/"]}]},{"@type":"ImageObject","inLanguage":"fr-FR","@id":"https:\/\/karamazov.fr\/blog\/les-ingredients\/#primaryimage","url":"https:\/\/karamazov.fr\/blog\/wp-content\/uploads\/2021\/01\/wp-16100574734058371354103114172863-1024x768.jpg","contentUrl":"https:\/\/karamazov.fr\/blog\/wp-content\/uploads\/2021\/01\/wp-16100574734058371354103114172863-1024x768.jpg"},{"@type":"BreadcrumbList","@id":"https:\/\/karamazov.fr\/blog\/les-ingredients\/#breadcrumb","itemListElement":[{"@type":"ListItem","position":1,"name":"Accueil","item":"https:\/\/karamazov.fr\/blog\/"},{"@type":"ListItem","position":2,"name":"Les ingr\u00e9dients"}]},{"@type":"WebSite","@id":"https:\/\/karamazov.fr\/blog\/#website","url":"https:\/\/karamazov.fr\/blog\/","name":"Karamazov - LE BLOG","description":"Les aventures d&#039;un brasseur amateur...","publisher":{"@id":"https:\/\/karamazov.fr\/blog\/#organization"},"potentialAction":[{"@type":"SearchAction","target":{"@type":"EntryPoint","urlTemplate":"https:\/\/karamazov.fr\/blog\/?s={search_term_string}"},"query-input":{"@type":"PropertyValueSpecification","valueRequired":true,"valueName":"search_term_string"}}],"inLanguage":"fr-FR"},{"@type":"Organization","@id":"https:\/\/karamazov.fr\/blog\/#organization","name":"karamazov","url":"https:\/\/karamazov.fr\/blog\/","logo":{"@type":"ImageObject","inLanguage":"fr-FR","@id":"https:\/\/karamazov.fr\/blog\/#\/schema\/logo\/image\/","url":"https:\/\/karamazov.fr\/blog\/wp-content\/uploads\/2021\/01\/logo_1_original_green7934934127225191496.png","contentUrl":"https:\/\/karamazov.fr\/blog\/wp-content\/uploads\/2021\/01\/logo_1_original_green7934934127225191496.png","width":1140,"height":1140,"caption":"karamazov"},"image":{"@id":"https:\/\/karamazov.fr\/blog\/#\/schema\/logo\/image\/"}}]}},"campaignId":"","jetpack-related-posts":[],"jetpack_sharing_enabled":true,"_links":{"self":[{"href":"https:\/\/karamazov.fr\/blog\/wp-json\/wp\/v2\/pages\/92","targetHints":{"allow":["GET"]}}],"collection":[{"href":"https:\/\/karamazov.fr\/blog\/wp-json\/wp\/v2\/pages"}],"about":[{"href":"https:\/\/karamazov.fr\/blog\/wp-json\/wp\/v2\/types\/page"}],"author":[{"embeddable":true,"href":"https:\/\/karamazov.fr\/blog\/wp-json\/wp\/v2\/users\/1"}],"replies":[{"embeddable":true,"href":"https:\/\/karamazov.fr\/blog\/wp-json\/wp\/v2\/comments?post=92"}],"version-history":[{"count":10,"href":"https:\/\/karamazov.fr\/blog\/wp-json\/wp\/v2\/pages\/92\/revisions"}],"predecessor-version":[{"id":231,"href":"https:\/\/karamazov.fr\/blog\/wp-json\/wp\/v2\/pages\/92\/revisions\/231"}],"wp:attachment":[{"href":"https:\/\/karamazov.fr\/blog\/wp-json\/wp\/v2\/media?parent=92"}],"curies":[{"name":"wp","href":"https:\/\/api.w.org\/{rel}","templated":true}]}}